{"id":277,"date":"2022-10-17T14:33:56","date_gmt":"2022-10-17T14:33:56","guid":{"rendered":"http:\/\/www.estelaser.com.tr\/?page_id=2"},"modified":"2025-12-23T16:36:36","modified_gmt":"2025-12-23T16:36:36","slug":"anasayfa","status":"publish","type":"page","link":"https:\/\/estelaser.com.tr\/","title":{"rendered":"Anasayfa"},"content":{"rendered":"<h6>ESTE LASER<\/h6>\n<h1>G\u00fczelli\u011fine De\u011fer Kat  Kendin i\u00e7in ay\u0131rd\u0131\u011f\u0131n en \u00f6zel an.<\/h1>\n<p>\t\t\t\t\t\t\t\t\t\t<a href=\"http:\/\/www.estelaser.com.tr\/contact\/\"><br \/>\n\t\t\t\t\t\t\t\t\tBizimle \u0130leti\u015fime Ge\u00e7<br \/>\n\t\t\t\t\t<\/a><br \/>\n\t\t\t\t\t\t\t\t\t\t\t\t\t\t<a href=\"http:\/\/www.estelaser.com.tr\/about\/\"><br \/>\n\t\t\t\t\t\t\t\t\tHakk\u0131m\u0131zda<br \/>\n\t\t\t\t\t<\/a><br \/>\n\t\t\t\t\t\t\t\t\t\t\t\t\t\t\t\t\t\t\t<img loading=\"lazy\" decoding=\"async\" width=\"1100\" height=\"1056\" src=\"https:\/\/estelaser.com.tr\/wp-content\/uploads\/2025\/12\/pngwing.com_.png\" alt=\"\" srcset=\"https:\/\/estelaser.com.tr\/wp-content\/uploads\/2025\/12\/pngwing.com_.png 1100w, https:\/\/estelaser.com.tr\/wp-content\/uploads\/2025\/12\/pngwing.com_-500x480.png 500w, https:\/\/estelaser.com.tr\/wp-content\/uploads\/2025\/12\/pngwing.com_-300x288.png 300w, https:\/\/estelaser.com.tr\/wp-content\/uploads\/2025\/12\/pngwing.com_-768x737.png 768w, https:\/\/estelaser.com.tr\/wp-content\/uploads\/2025\/12\/pngwing.com_-78x75.png 78w, https:\/\/estelaser.com.tr\/wp-content\/uploads\/2025\/12\/pngwing.com_-480x461.png 480w\" sizes=\"auto, (max-width:767px) 480px, (max-width:1100px) 100vw, 1100px\" \/>\t\t\t\t\t\t\t\t\t\t\t\t\t\t\t\t\t\t\t\t\t\t\t\t\t\t<img loading=\"lazy\" decoding=\"async\" width=\"1140\" height=\"1140\" src=\"https:\/\/estelaser.com.tr\/wp-content\/uploads\/2025\/12\/pngwing.com-2.png\" alt=\"\" srcset=\"https:\/\/estelaser.com.tr\/wp-content\/uploads\/2025\/12\/pngwing.com-2.png 1140w, https:\/\/estelaser.com.tr\/wp-content\/uploads\/2025\/12\/pngwing.com-2-500x500.png 500w, https:\/\/estelaser.com.tr\/wp-content\/uploads\/2025\/12\/pngwing.com-2-300x300.png 300w, https:\/\/estelaser.com.tr\/wp-content\/uploads\/2025\/12\/pngwing.com-2-768x768.png 768w, https:\/\/estelaser.com.tr\/wp-content\/uploads\/2025\/12\/pngwing.com-2-150x150.png 150w, https:\/\/estelaser.com.tr\/wp-content\/uploads\/2025\/12\/pngwing.com-2-75x75.png 75w, https:\/\/estelaser.com.tr\/wp-content\/uploads\/2025\/12\/pngwing.com-2-480x480.png 480w\" sizes=\"auto, (max-width:767px) 480px, (max-width:1140px) 100vw, 1140px\" \/>\t\t\t\t\t\t\t\t\t\t\t\t\t\t\t\t\t\t\t\t\t\t\t\t\t\t<img decoding=\"async\" src=\"http:\/\/www.estelaser.com.tr\/wp-content\/uploads\/2022\/10\/bedoctor-icon1.svg\" title=\"\" alt=\"\" loading=\"lazy\" \/>\t\t\t\t\t\t\t\t\t\t\t\t\t\t\t\t<\/p>\n<h4>Her kad\u0131n kendine \u00f6zg\u00fcd\u00fcr ve en g\u00fczel haliyle parlamay\u0131 hak eder. G\u00fczellik salonumuzda, do\u011fall\u0131\u011f\u0131n\u0131 koruyan ve seni yans\u0131tan dokunu\u015flarla kendini daha iyi hissetmeni sa\u011fl\u0131yoruz. Uzman ekibimiz ve \u00f6zenle se\u00e7ilmi\u015f uygulamalar\u0131m\u0131zla, g\u00fczellik senin i\u00e7in keyifli bir deneyime d\u00f6n\u00fc\u015f\u00fcyor.<\/h4>\n<p>\t\t\t\tEste Laser G\u00fczellik\t\t\t\t<\/p>\n<h6>ESTE LASER G\u00dcZELL\u0130K<\/h6>\n<h2>Hizmetlerimiz<\/h2>\n<p>Posuere at arcu, felis iaculis tortor mattis id. Eu at in posuere elit. Feugiat at faucibus risus commodo odio.<\/p>\n<p>\t\t\t\t\t\t\t\t\t\t\t\t\t<img loading=\"lazy\" decoding=\"async\" width=\"1200\" height=\"801\" src=\"https:\/\/estelaser.com.tr\/wp-content\/uploads\/2025\/12\/lazerepilasyon.jpg\" alt=\"\" srcset=\"https:\/\/estelaser.com.tr\/wp-content\/uploads\/2025\/12\/lazerepilasyon.jpg 1200w, https:\/\/estelaser.com.tr\/wp-content\/uploads\/2025\/12\/lazerepilasyon-500x334.jpg 500w, https:\/\/estelaser.com.tr\/wp-content\/uploads\/2025\/12\/lazerepilasyon-300x200.jpg 300w, https:\/\/estelaser.com.tr\/wp-content\/uploads\/2025\/12\/lazerepilasyon-768x513.jpg 768w, https:\/\/estelaser.com.tr\/wp-content\/uploads\/2025\/12\/lazerepilasyon-112x75.jpg 112w, https:\/\/estelaser.com.tr\/wp-content\/uploads\/2025\/12\/lazerepilasyon-480x320.jpg 480w\" sizes=\"auto, (max-width:767px) 480px, (max-width:1200px) 100vw, 1200px\" \/>\t\t\t\t\t\t\t\t\t\t\t\t\t\t\t\t<\/p>\n<h4>Lazer Epilasyon<\/h4>\n<p>G\u00fczelli\u011fini uzman dokunu\u015flarla ortaya \u00e7\u0131kar\u0131yoruz.<\/p>\n<p>\t\t\t\t\t\t\t\t<a href=\"https:\/\/estelaser.com.tr\/?page_id=13\"><br \/>\n\t\t\t\t\t\t\t\t\tDaha Fazla<br \/>\n\t\t\t\t\t<\/a><br \/>\n\t\t\t\t\t\t\t\t\t\t\t\t\t\t\t\t\t\t\t<img loading=\"lazy\" decoding=\"async\" width=\"1200\" height=\"800\" src=\"https:\/\/estelaser.com.tr\/wp-content\/uploads\/2025\/12\/IMG_8533-1200x800.jpg\" alt=\"\" srcset=\"https:\/\/estelaser.com.tr\/wp-content\/uploads\/2025\/12\/IMG_8533-1200x800.jpg 1200w, https:\/\/estelaser.com.tr\/wp-content\/uploads\/2025\/12\/IMG_8533-500x333.jpg 500w, https:\/\/estelaser.com.tr\/wp-content\/uploads\/2025\/12\/IMG_8533-300x200.jpg 300w, https:\/\/estelaser.com.tr\/wp-content\/uploads\/2025\/12\/IMG_8533-768x512.jpg 768w, https:\/\/estelaser.com.tr\/wp-content\/uploads\/2025\/12\/IMG_8533-1536x1024.jpg 1536w, https:\/\/estelaser.com.tr\/wp-content\/uploads\/2025\/12\/IMG_8533-2048x1365.jpg 2048w, https:\/\/estelaser.com.tr\/wp-content\/uploads\/2025\/12\/IMG_8533-113x75.jpg 113w, https:\/\/estelaser.com.tr\/wp-content\/uploads\/2025\/12\/IMG_8533-480x320.jpg 480w\" sizes=\"auto, (max-width:767px) 480px, (max-width:1200px) 100vw, 1200px\" \/>\t\t\t\t\t\t\t\t\t\t\t\t\t\t\t\t<\/p>\n<h4>Cilt Bak\u0131m\u0131<\/h4>\n<p>G\u00fczelli\u011fini hat\u0131rla, \u0131\u015f\u0131\u011f\u0131n\u0131 hisset.<\/p>\n<p>\t\t\t\t\t\t\t\t<a href=\"https:\/\/estelaser.com.tr\/?page_id=13\"><br \/>\n\t\t\t\t\t\t\t\t\tDaha Fazla<br \/>\n\t\t\t\t\t<\/a><br \/>\n\t\t\t\t\t\t\t\t\t\t\t\t\t\t\t\t\t\t\t<img loading=\"lazy\" decoding=\"async\" width=\"1200\" height=\"800\" src=\"https:\/\/estelaser.com.tr\/wp-content\/uploads\/2025\/12\/IMG_8515-1200x800.jpg\" alt=\"\" srcset=\"https:\/\/estelaser.com.tr\/wp-content\/uploads\/2025\/12\/IMG_8515-1200x800.jpg 1200w, https:\/\/estelaser.com.tr\/wp-content\/uploads\/2025\/12\/IMG_8515-500x333.jpg 500w, https:\/\/estelaser.com.tr\/wp-content\/uploads\/2025\/12\/IMG_8515-300x200.jpg 300w, https:\/\/estelaser.com.tr\/wp-content\/uploads\/2025\/12\/IMG_8515-768x512.jpg 768w, https:\/\/estelaser.com.tr\/wp-content\/uploads\/2025\/12\/IMG_8515-1536x1024.jpg 1536w, https:\/\/estelaser.com.tr\/wp-content\/uploads\/2025\/12\/IMG_8515-2048x1365.jpg 2048w, https:\/\/estelaser.com.tr\/wp-content\/uploads\/2025\/12\/IMG_8515-113x75.jpg 113w, https:\/\/estelaser.com.tr\/wp-content\/uploads\/2025\/12\/IMG_8515-480x320.jpg 480w\" sizes=\"auto, (max-width:767px) 480px, (max-width:1200px) 100vw, 1200px\" \/>\t\t\t\t\t\t\t\t\t\t\t\t\t\t\t\t<\/p>\n<h4>Ekspres kirpik<\/h4>\n<p>Do\u011fall\u0131\u011f\u0131n\u0131 koruyan, sana yak\u0131\u015fan g\u00fczellik anlay\u0131\u015f\u0131.<\/p>\n<p>\t\t\t\t\t\t\t\t<a href=\"https:\/\/estelaser.com.tr\/?page_id=13\"><br \/>\n\t\t\t\t\t\t\t\t\tDaha Fazla<br \/>\n\t\t\t\t\t<\/a><br \/>\n\t\t\t\t\t\t\t\t\t\t\t\t\t\t\t\t\t\t\t<img loading=\"lazy\" decoding=\"async\" width=\"1200\" height=\"800\" src=\"https:\/\/estelaser.com.tr\/wp-content\/uploads\/2025\/12\/IMG_8545-1200x800.jpg\" alt=\"\" srcset=\"https:\/\/estelaser.com.tr\/wp-content\/uploads\/2025\/12\/IMG_8545-1200x800.jpg 1200w, https:\/\/estelaser.com.tr\/wp-content\/uploads\/2025\/12\/IMG_8545-500x333.jpg 500w, https:\/\/estelaser.com.tr\/wp-content\/uploads\/2025\/12\/IMG_8545-300x200.jpg 300w, https:\/\/estelaser.com.tr\/wp-content\/uploads\/2025\/12\/IMG_8545-768x512.jpg 768w, https:\/\/estelaser.com.tr\/wp-content\/uploads\/2025\/12\/IMG_8545-1536x1024.jpg 1536w, https:\/\/estelaser.com.tr\/wp-content\/uploads\/2025\/12\/IMG_8545-2048x1365.jpg 2048w, https:\/\/estelaser.com.tr\/wp-content\/uploads\/2025\/12\/IMG_8545-113x75.jpg 113w, https:\/\/estelaser.com.tr\/wp-content\/uploads\/2025\/12\/IMG_8545-480x320.jpg 480w\" sizes=\"auto, (max-width:767px) 480px, (max-width:1200px) 100vw, 1200px\" \/>\t\t\t\t\t\t\t\t\t\t\t\t\t\t\t\t<\/p>\n<h4>Bal Kaba\u011f\u0131 Snowcell<\/h4>\n<p>4 mevsim uygulanabilir peeling sistemi.<\/p>\n<p>\t\t\t\t\t\t\t\t<a href=\"https:\/\/estelaser.com.tr\/?page_id=13\"><br \/>\n\t\t\t\t\t\t\t\t\tDaha Fazla<br \/>\n\t\t\t\t\t<\/a><br \/>\n\t\t\t\t\t\t\t\t\t\t\t\t\t\t\t\t\t\t\t<img loading=\"lazy\" decoding=\"async\" width=\"1200\" height=\"800\" src=\"https:\/\/estelaser.com.tr\/wp-content\/uploads\/2025\/12\/IMG_8501-1200x800.jpg\" alt=\"\" srcset=\"https:\/\/estelaser.com.tr\/wp-content\/uploads\/2025\/12\/IMG_8501-1200x800.jpg 1200w, https:\/\/estelaser.com.tr\/wp-content\/uploads\/2025\/12\/IMG_8501-500x333.jpg 500w, https:\/\/estelaser.com.tr\/wp-content\/uploads\/2025\/12\/IMG_8501-300x200.jpg 300w, https:\/\/estelaser.com.tr\/wp-content\/uploads\/2025\/12\/IMG_8501-768x512.jpg 768w, https:\/\/estelaser.com.tr\/wp-content\/uploads\/2025\/12\/IMG_8501-1536x1024.jpg 1536w, https:\/\/estelaser.com.tr\/wp-content\/uploads\/2025\/12\/IMG_8501-2048x1365.jpg 2048w, https:\/\/estelaser.com.tr\/wp-content\/uploads\/2025\/12\/IMG_8501-113x75.jpg 113w, https:\/\/estelaser.com.tr\/wp-content\/uploads\/2025\/12\/IMG_8501-480x320.jpg 480w\" sizes=\"auto, (max-width:767px) 480px, (max-width:1200px) 100vw, 1200px\" \/>\t\t\t\t\t\t\t\t\t\t\t\t\t\t\t\t<\/p>\n<h4>B\u00f6lgesel \u0130ncelme<\/h4>\n<p>Profesyonel zay\u0131flama y\u00f6ntemleriyle ideal g\u00f6r\u00fcn\u00fcme kavu\u015fun<\/p>\n<p>\t\t\t\t\t\t\t\t<a href=\"https:\/\/estelaser.com.tr\/?page_id=13\"><br \/>\n\t\t\t\t\t\t\t\t\tDaha Fazla<br \/>\n\t\t\t\t\t<\/a><br \/>\n\t\t\t\t\t\t\t\t\t\t\t\t\t\t\t\t\t\t\t<img loading=\"lazy\" decoding=\"async\" width=\"1200\" height=\"800\" src=\"https:\/\/estelaser.com.tr\/wp-content\/uploads\/2025\/12\/IMG_8619-1200x800.jpg\" alt=\"\" srcset=\"https:\/\/estelaser.com.tr\/wp-content\/uploads\/2025\/12\/IMG_8619-1200x800.jpg 1200w, https:\/\/estelaser.com.tr\/wp-content\/uploads\/2025\/12\/IMG_8619-500x333.jpg 500w, https:\/\/estelaser.com.tr\/wp-content\/uploads\/2025\/12\/IMG_8619-300x200.jpg 300w, https:\/\/estelaser.com.tr\/wp-content\/uploads\/2025\/12\/IMG_8619-768x512.jpg 768w, https:\/\/estelaser.com.tr\/wp-content\/uploads\/2025\/12\/IMG_8619-1536x1024.jpg 1536w, https:\/\/estelaser.com.tr\/wp-content\/uploads\/2025\/12\/IMG_8619-2048x1365.jpg 2048w, https:\/\/estelaser.com.tr\/wp-content\/uploads\/2025\/12\/IMG_8619-113x75.jpg 113w, https:\/\/estelaser.com.tr\/wp-content\/uploads\/2025\/12\/IMG_8619-480x320.jpg 480w\" sizes=\"auto, (max-width:767px) 480px, (max-width:1200px) 100vw, 1200px\" \/>\t\t\t\t\t\t\t\t\t\t\t\t\t\t\t\t<\/p>\n<h4>Di\u011fer Hizmetlerimiz<\/h4>\n<p>\u0130htiya\u00e7lar\u0131n\u0131za g\u00f6re uzman ekibimizle yan\u0131n\u0131zday\u0131z<\/p>\n<p>\t\t\t\t\t\t\t\t<a href=\"https:\/\/estelaser.com.tr\/?page_id=13\"><br \/>\n\t\t\t\t\t\t\t\t\tDaha Fazla<br \/>\n\t\t\t\t\t<\/a><\/p>\n<h2>Neden Este Lazer ?<\/h2>\n<figure><img decoding=\"async\" src=\"http:\/\/www.estelaser.com.tr\/wp-content\/uploads\/2022\/10\/bedoctor-num1.svg\" title=\"\" alt=\"\" loading=\"lazy\" \/><\/figure>\n<h5>\u201cBuras\u0131 sadece bir g\u00fczellik salonu de\u011fil, kendinize zaman ay\u0131rd\u0131\u011f\u0131n\u0131z \u00f6zel bir alan. Her geldi\u011finizde daha mutlu, daha \u00f6zg\u00fcvenli \u00e7\u0131k\u0131n\u201d<\/h5>\n<figure><img decoding=\"async\" src=\"http:\/\/www.estelaser.com.tr\/wp-content\/uploads\/2022\/10\/bedoctor-num2.svg\" title=\"\" alt=\"\" loading=\"lazy\" \/><\/figure>\n<h5>\n<p data-start=\"728\" data-end=\"865\">\u201cProfesyonel, hijyenik ve ger\u00e7ekten sonu\u00e7 odakl\u0131. Kendimi emin ellere teslim etti\u011fimi hissediyorum. G\u00f6n\u00fcl rahatl\u0131\u011f\u0131yla tavsiye ediyorum.\u201d<\/p>\n<\/h5>\n<figure><img decoding=\"async\" src=\"http:\/\/www.estelaser.com.tr\/wp-content\/uploads\/2022\/10\/bedoctor-num3.svg\" title=\"\" alt=\"\" loading=\"lazy\" \/><\/figure>\n<h5>\u201cKaliteli hizmeti ve uzman yakla\u015f\u0131m\u0131 ilk andan hissediceksiniz.  G\u00fczelli\u011finize de\u011fer veren herkesin mutlaka gelmesi gereken bir yer.\u201d<\/h5>\n<p>\t\t\t\t\t\t\t\t\t\t\t\t\t\t\t<img loading=\"lazy\" decoding=\"async\" width=\"1100\" height=\"1100\" src=\"https:\/\/estelaser.com.tr\/wp-content\/uploads\/2025\/12\/pngwing.com-7.png\" alt=\"\" srcset=\"https:\/\/estelaser.com.tr\/wp-content\/uploads\/2025\/12\/pngwing.com-7.png 1100w, https:\/\/estelaser.com.tr\/wp-content\/uploads\/2025\/12\/pngwing.com-7-500x500.png 500w, https:\/\/estelaser.com.tr\/wp-content\/uploads\/2025\/12\/pngwing.com-7-300x300.png 300w, https:\/\/estelaser.com.tr\/wp-content\/uploads\/2025\/12\/pngwing.com-7-768x768.png 768w, https:\/\/estelaser.com.tr\/wp-content\/uploads\/2025\/12\/pngwing.com-7-150x150.png 150w, https:\/\/estelaser.com.tr\/wp-content\/uploads\/2025\/12\/pngwing.com-7-75x75.png 75w, https:\/\/estelaser.com.tr\/wp-content\/uploads\/2025\/12\/pngwing.com-7-480x480.png 480w\" sizes=\"auto, (max-width:767px) 480px, (max-width:1100px) 100vw, 1100px\" \/>\t\t\t\t\t\t\t\t\t\t\t\t\t\t\t\t<\/p>\n<figure><img decoding=\"async\" src=\"http:\/\/www.estelaser.com.tr\/wp-content\/uploads\/2022\/10\/bedoctor-icon-pin_el.svg\" title=\"\" alt=\"\" loading=\"lazy\" \/><\/figure>\n<h3>G\u00fczellik Merkezimizi Ziyaret Edin..<\/h3>\n<h5>Hac\u0131 Halil Mahallesi \u00c7anc\u0131 \u0130\u015f Han\u0131 No 27 Kat 2 Gebze \/ KOCAEL\u0130<\/h5>\n<p>\t\t\t\t\t\t\t\t\t\t<a href=\"http:\/\/www.estelaser.com.tr\/contact\/\"><br \/>\n\t\t\t\t\t\t\t\t\tBizimle \u0130leti\u015fime Ge\u00e7in<br \/>\n\t\t\t\t\t<\/a><\/p>\n<h6>Este Laser G\u00fczellik<\/h6>\n<h2>G\u00fczellik Plan\u0131n\u0131 Se\u00e7in<\/h2>\n<p>Kendinize uyan g\u00fczellik plan\u0131n\u0131 se\u00e7in ve erken rezervasyonla indirimlerimizden faydalan\u0131n.<\/p>\n<p>\t\t\t\t\t\t\t\t\t\t\t\t\t<img decoding=\"async\" src=\"http:\/\/www.estelaser.com.tr\/wp-content\/uploads\/2022\/10\/bedoctor-pricing-icon1.svg\" title=\"\" alt=\"\" loading=\"lazy\" \/>\t\t\t\t\t\t\t\t\t\t\t\t\t\t\t\t<\/p>\n<h6>Epilasyon<\/h6>\n<p>\t\t\tFiyat Bilgisi \u0130\u00e7in Aray\u0131n<br \/>\n\t\t\t\tKampanya<br \/>\n\t\t\t\t1<\/p>\n<ul>\n<li>\n\t\t\t\t\t\t\t\t\t\tT\u00fcm Bacak\n\t\t\t\t\t\t\t\t\t<\/li>\n<li>\n\t\t\t\t\t\t\t\t\t\tKol Alt\u0131\n\t\t\t\t\t\t\t\t\t<\/li>\n<li>\n\t\t\t\t\t\t\t\t\t\tGenital\n\t\t\t\t\t\t\t\t\t<\/li>\n<\/ul>\n<p>\t\t\t\t\t\t\t\t\t\t\t\t<a href=\"#\"><br \/>\n\t\t\t\t\t\t\t\t\tSe\u00e7iminiz!<br \/>\n\t\t\t\t\t<\/a><br \/>\n\t\t\t\t\t\t\t\t\t\t\t\t\t\t\t\t\t\t\t<img decoding=\"async\" src=\"http:\/\/www.estelaser.com.tr\/wp-content\/uploads\/2022\/10\/bedoctor-pricing-icon2.svg\" title=\"\" alt=\"\" loading=\"lazy\" \/>\t\t\t\t\t\t\t\t\t\t\t\t\t\t\t\t<\/p>\n<h6>\u0130ncelme<\/h6>\n<p>\t\t\tFiyat Bilgisi \u0130\u00e7in Aray\u0131n<br \/>\n\t\t\t\tKampanya<br \/>\n\t\t\t\t2<\/p>\n<ul>\n<li>\n\t\t\t\t\t\t\t\t\t\tB\u00f6lgesel \u0130ncelme\n\t\t\t\t\t\t\t\t\t<\/li>\n<li>\n\t\t\t\t\t\t\t\t\t\tKar\u0131n B\u00f6lgesi\n\t\t\t\t\t\t\t\t\t<\/li>\n<li>\n\t\t\t\t\t\t\t\t\t\tBacak B\u00f6lgesi\n\t\t\t\t\t\t\t\t\t<\/li>\n<\/ul>\n<p>\t\t\t\t\t\t\t\t\t\t\t\t<a href=\"#\"><br \/>\n\t\t\t\t\t\t\t\t\tSe\u00e7iminiz!<br \/>\n\t\t\t\t\t<\/a><br \/>\n\t\t\t\t\t\t\t\t\t\t\t\t\t\t\t\t\t\t\t<img decoding=\"async\" src=\"http:\/\/www.estelaser.com.tr\/wp-content\/uploads\/2022\/10\/bedoctor-pricing-icon3.svg\" title=\"\" alt=\"\" loading=\"lazy\" \/>\t\t\t\t\t\t\t\t\t\t\t\t\t\t\t\t<\/p>\n<h6>Bak\u0131m<\/h6>\n<p>\t\t\t\tKampanya<br \/>\n\t\t\t\t3<\/p>\n<ul>\n<li>\n\t\t\t\t\t\t\t\t\t\tY\u00fcz bak\u0131m\n\t\t\t\t\t\t\t\t\t<\/li>\n<li>\n\t\t\t\t\t\t\t\t\t\tKirpik Bak\u0131m\n\t\t\t\t\t\t\t\t\t<\/li>\n<li>\n\t\t\t\t\t\t\t\t\t\tSnowcell\n\t\t\t\t\t\t\t\t\t<\/li>\n<\/ul>\n<p>\t\t\t\t\t\t\t\t\t\t\t\t<a href=\"#\"><br \/>\n\t\t\t\t\t\t\t\t\tSe\u00e7iminiz!<br \/>\n\t\t\t\t\t<\/a><br \/>\n\t\t\t\t\t\t\t\t\t\t\t\t\t\t\t\t\t\t\t<img decoding=\"async\" src=\"http:\/\/www.estelaser.com.tr\/wp-content\/uploads\/2022\/10\/bedoctor-icon2.svg\" title=\"\" alt=\"\" loading=\"lazy\" \/>\t\t\t\t\t\t\t\t\t\t\t\t\t\t\t\t<\/p>\n<h2>M\u00fc\u015fteri Memnuniyeti<\/h2>\n<h5>\u201cBuras\u0131 sadece bir g\u00fczellik salonu de\u011fil, kendime zaman ay\u0131rd\u0131\u011f\u0131m \u00f6zel bir alan. Her geldi\u011fimde daha mutlu, daha \u00f6zg\u00fcvenli \u00e7\u0131k\u0131yorum. G\u00fczelli\u011fime bu kadar \u00f6zen g\u00f6sterilmesi beni \u00e7ok iyi hissettiriyor.\u201d<\/h5>\n<p><b>Este Laser G\u00fczellik Merkezi<\/b><br \/>Jun 27, 2025<\/p>\n<p>\t\t\t\t\t\t\t\t\t\t\t\t\t<img decoding=\"async\" src=\"https:\/\/estelaser.com.tr\/wp-content\/uploads\/2022\/10\/bedoctor-packages-pic2.webp\" alt=\"\" \/><br \/>\n\t\t\t\t<svg aria-hidden=\"true\" viewBox=\"0 0 576 512\" xmlns=\"http:\/\/www.w3.org\/2000\/svg\"><path d=\"M259.3 17.8L194 150.2 47.9 171.5c-26.2 3.8-36.7 36.1-17.7 54.6l105.7 103-25 145.5c-4.5 26.3 23.2 46 46.4 33.7L288 439.6l130.7 68.7c23.2 12.2 50.9-7.4 46.4-33.7l-25-145.5 105.7-103c19-18.5 8.5-50.8-17.7-54.6L382 150.2 316.7 17.8c-11.7-23.6-45.6-23.9-57.4 0z\"><\/path><\/svg>\t\t\t\t<\/p>\n<h4>\n\t\t\t\t\t\t\t4.9<br \/>\n\t\t\t\t\t<\/h4>\n<p>\n\t\t\t\t\t\tM\u00fc\u015fterilerimizin Geri D\u00f6n\u00fc\u015fleri\t\t\t\t\t<\/p>\n<p>\t\t\t\t\t\t\t\t\t\t\t\t\t\t\t\t\t<img decoding=\"async\" src=\"http:\/\/www.estelaser.com.tr\/wp-content\/uploads\/2022\/10\/bedoctor-icon4.svg\" title=\"\" alt=\"\" loading=\"lazy\" \/>\t\t\t\t\t\t\t\t\t\t\t\t\t\t\t\t<\/p>\n<h3><font color=\"#ffe8da\">Beklemeyin Bug\u00fcn Randevu Al\u0131n<\/font><\/h3>\n<p>\t\t\t\t\t\t\t\t\t\t<a href=\"http:\/\/www.estelaser.com.tr\/contact\/\"><br \/>\n\t\t\t\t\t\t\t\t\tBizimle \u0130leti\u015fime Ge\u00e7in<br \/>\n\t\t\t\t\t<\/a><\/p>\n","protected":false},"excerpt":{"rendered":"<p>ESTE LASER G\u00fczelli\u011fine De\u011fer Kat Kendin i\u00e7in ay\u0131rd\u0131\u011f\u0131n en \u00f6zel an. Bizimle \u0130leti\u015fime Ge\u00e7 Hakk\u0131m\u0131zda Her kad\u0131n kendine \u00f6zg\u00fcd\u00fcr ve en g\u00fczel haliyle parlamay\u0131 hak eder.<span class=\"excerpt-hellip\"> [\u2026]<\/span><\/p>\n","protected":false},"author":1,"featured_media":0,"parent":0,"menu_order":0,"comment_status":"open","ping_status":"closed","template":"","meta":{"footnotes":""},"class_list":["post-277","page","type-page","status-publish","hentry"],"_links":{"self":[{"href":"https:\/\/estelaser.com.tr\/index.php?rest_route=\/wp\/v2\/pages\/277","targetHints":{"allow":["GET"]}}],"collection":[{"href":"https:\/\/estelaser.com.tr\/index.php?rest_route=\/wp\/v2\/pages"}],"about":[{"href":"https:\/\/estelaser.com.tr\/index.php?rest_route=\/wp\/v2\/types\/page"}],"author":[{"embeddable":true,"href":"https:\/\/estelaser.com.tr\/index.php?rest_route=\/wp\/v2\/users\/1"}],"replies":[{"embeddable":true,"href":"https:\/\/estelaser.com.tr\/index.php?rest_route=%2Fwp%2Fv2%2Fcomments&post=277"}],"version-history":[{"count":88,"href":"https:\/\/estelaser.com.tr\/index.php?rest_route=\/wp\/v2\/pages\/277\/revisions"}],"predecessor-version":[{"id":507,"href":"https:\/\/estelaser.com.tr\/index.php?rest_route=\/wp\/v2\/pages\/277\/revisions\/507"}],"wp:attachment":[{"href":"https:\/\/estelaser.com.tr\/index.php?rest_route=%2Fwp%2Fv2%2Fmedia&parent=277"}],"curies":[{"name":"wp","href":"https:\/\/api.w.org\/{rel}","templated":true}]}}