{"id":19,"date":"2022-10-18T10:56:40","date_gmt":"2022-10-18T10:56:40","guid":{"rendered":"http:\/\/www.estelaser.com.tr\/?page_id=19"},"modified":"2025-12-24T12:32:25","modified_gmt":"2025-12-24T12:32:25","slug":"iletisim","status":"publish","type":"page","link":"https:\/\/estelaser.com.tr\/?page_id=19","title":{"rendered":"\u0130leti\u015fim"},"content":{"rendered":"<h1>\u0130leti\u015fim<\/h1>\n<h6>ADDRESS<\/h6>\n<h4>Atat\u00fcrk Cadesi, \u00c7anc\u0131 \u0130\u015fhan\u0131, No:27 Kat 2,  Gebze \/ Kocaeli<\/h4>\n<p>\u00c7al\u0131\u015fma Saatleri: Pzt &#8211; Sat: 09:00 AM &#8211; 19:00 PM<\/p>\n<figure><a href=\"tel:+610383766284\" tabindex=\"-1\"><img decoding=\"async\" src=\"http:\/\/www.estelaser.com.tr\/wp-content\/uploads\/2022\/10\/bedoctor-header-icon1.svg\" title=\"\" alt=\"\" loading=\"lazy\" \/><\/a><\/figure>\n<h4><a href=\"tel:+610383766284\">+90(536)7275597<\/a><\/h4>\n<figure><a href=\"mailto:noreply@envato.com\" tabindex=\"-1\"><img decoding=\"async\" src=\"http:\/\/www.estelaser.com.tr\/wp-content\/uploads\/2022\/10\/bedoctor-contact-icon1.svg\" title=\"\" alt=\"\" loading=\"lazy\" \/><\/a><\/figure>\n<h4><a href=\"mailto:noreply@envato.com\">info@estelaser.com.tr<\/a><\/h4>\n<p>\t\t\t\t\t\t\t\t\t\t<a href=\"#map\"><br \/>\n\t\t\t\t\t\t\t\t\tHarita<br \/>\n\t\t\t\t\t<\/a><\/p>\n<h6>\u0130leti\u015fim Formu<\/h6>\n<h3>Randevu ve Bilgi<\/h3>\n<p>\t\t\n<div class=\"wpcf7 no-js\" id=\"wpcf7-f100-o1\" lang=\"en-US\" dir=\"ltr\" data-wpcf7-id=\"100\">\n<div class=\"screen-reader-response\"><p role=\"status\" aria-live=\"polite\" aria-atomic=\"true\"><\/p> <ul><\/ul><\/div>\n<form action=\"\/index.php?rest_route=%2Fwp%2Fv2%2Fpages%2F19#wpcf7-f100-o1\" method=\"post\" class=\"wpcf7-form init\" aria-label=\"Contact form\" novalidate=\"novalidate\" data-status=\"init\">\n<fieldset class=\"hidden-fields-container\"><input type=\"hidden\" name=\"_wpcf7\" value=\"100\" \/><input type=\"hidden\" name=\"_wpcf7_version\" value=\"6.1.5\" \/><input type=\"hidden\" name=\"_wpcf7_locale\" value=\"en_US\" \/><input type=\"hidden\" name=\"_wpcf7_unit_tag\" value=\"wpcf7-f100-o1\" \/><input type=\"hidden\" name=\"_wpcf7_container_post\" value=\"0\" \/><input type=\"hidden\" name=\"_wpcf7_posted_data_hash\" value=\"\" \/>\n<\/fieldset>\n<div class=\"column one\">\n\t<p><span class=\"wpcf7-form-control-wrap\" data-name=\"your-name\"><input size=\"40\" maxlength=\"400\" class=\"wpcf7-form-control wpcf7-text\" aria-invalid=\"false\" placeholder=\"Ad Soyad\" value=\"\" type=\"text\" name=\"your-name\" \/><\/span>\n\t<\/p>\n<\/div>\n<div class=\"column one\">\n\t<p><span class=\"wpcf7-form-control-wrap\" data-name=\"your-phone\"><input size=\"40\" maxlength=\"400\" class=\"wpcf7-form-control wpcf7-tel wpcf7-validates-as-required wpcf7-text wpcf7-validates-as-tel\" aria-required=\"true\" aria-invalid=\"false\" placeholder=\"Telefon*\" value=\"\" type=\"tel\" name=\"your-phone\" \/><\/span>\n\t<\/p>\n<\/div>\n<div class=\"column one\">\n\t<p><span class=\"wpcf7-form-control-wrap\" data-name=\"your-email\"><input size=\"40\" maxlength=\"400\" class=\"wpcf7-form-control wpcf7-email wpcf7-validates-as-required wpcf7-text wpcf7-validates-as-email\" aria-required=\"true\" aria-invalid=\"false\" placeholder=\"E-mail addres*\" value=\"\" type=\"email\" name=\"your-email\" \/><\/span>\n\t<\/p>\n<\/div>\n<div class=\"column one\">\n\t<p><span class=\"wpcf7-form-control-wrap\" data-name=\"your-message\"><textarea cols=\"40\" rows=\"1\" maxlength=\"2000\" class=\"wpcf7-form-control wpcf7-textarea\" aria-invalid=\"false\" placeholder=\"Mesaj\u0131n\u0131z\" name=\"your-message\"><\/textarea><\/span>\n\t<\/p>\n<\/div>\n<div class=\"column one\">\n\t<p><span class=\"wpcf7-form-control-wrap\" data-name=\"Acceptance\"><span class=\"wpcf7-form-control wpcf7-acceptance\"><span class=\"wpcf7-list-item\"><label><input type=\"checkbox\" name=\"Acceptance\" value=\"1\" aria-invalid=\"false\" \/><span class=\"wpcf7-list-item-label\"><span style=\"font-weight: 400;\">Telefonla ileti\u015fim amac\u0131yla verilerimin i\u015flenmesine izin veriyorum. *<\/span><\/span><\/label><\/span><\/span><\/span>\n\t<\/p>\n<\/div>\n<div class=\"column one\">\n\t<p><input class=\"wpcf7-form-control wpcf7-submit has-spinner\" type=\"submit\" value=\"G\u00f6nder\" \/>\n\t<\/p>\n<\/div><div class=\"wpcf7-response-output\" aria-hidden=\"true\"><\/div>\n<\/form>\n<\/div>\n<br \/>\n\t\t\t<iframe loading=\"lazy\"\n\t\t\t\t\tsrc=\"https:\/\/maps.google.com\/maps?q=Hac%C4%B1%20Halil%20Mahallesi%20%C3%87anc%C4%B1%20i%C5%9F%20han%C4%B1%20Gebze&#038;t=m&#038;z=14&#038;output=embed&#038;iwloc=near\"\n\t\t\t\t\ttitle=\"Hac\u0131 Halil Mahallesi \u00c7anc\u0131 i\u015f han\u0131 Gebze\"\n\t\t\t\t\taria-label=\"Hac\u0131 Halil Mahallesi \u00c7anc\u0131 i\u015f han\u0131 Gebze\"\n\t\t\t><\/iframe><\/p>\n","protected":false},"excerpt":{"rendered":"<p>\u0130leti\u015fim ADDRESS Atat\u00fcrk Cadesi, \u00c7anc\u0131 \u0130\u015fhan\u0131, No:27 Kat 2, Gebze \/ Kocaeli \u00c7al\u0131\u015fma Saatleri: Pzt &#8211; Sat: 09:00 AM &#8211; 19:00 PM +90(536)7275597 info@estelaser.com.tr Harita \u0130leti\u015fim<span class=\"excerpt-hellip\"> [\u2026]<\/span><\/p>\n","protected":false},"author":1,"featured_media":0,"parent":0,"menu_order":0,"comment_status":"open","ping_status":"closed","template":"","meta":{"footnotes":""},"class_list":["post-19","page","type-page","status-publish","hentry"],"_links":{"self":[{"href":"https:\/\/estelaser.com.tr\/index.php?rest_route=\/wp\/v2\/pages\/19","targetHints":{"allow":["GET"]}}],"collection":[{"href":"https:\/\/estelaser.com.tr\/index.php?rest_route=\/wp\/v2\/pages"}],"about":[{"href":"https:\/\/estelaser.com.tr\/index.php?rest_route=\/wp\/v2\/types\/page"}],"author":[{"embeddable":true,"href":"https:\/\/estelaser.com.tr\/index.php?rest_route=\/wp\/v2\/users\/1"}],"replies":[{"embeddable":true,"href":"https:\/\/estelaser.com.tr\/index.php?rest_route=%2Fwp%2Fv2%2Fcomments&post=19"}],"version-history":[{"count":19,"href":"https:\/\/estelaser.com.tr\/index.php?rest_route=\/wp\/v2\/pages\/19\/revisions"}],"predecessor-version":[{"id":511,"href":"https:\/\/estelaser.com.tr\/index.php?rest_route=\/wp\/v2\/pages\/19\/revisions\/511"}],"wp:attachment":[{"href":"https:\/\/estelaser.com.tr\/index.php?rest_route=%2Fwp%2Fv2%2Fmedia&parent=19"}],"curies":[{"name":"wp","href":"https:\/\/api.w.org\/{rel}","templated":true}]}}