{"id":15,"date":"2022-10-18T10:54:33","date_gmt":"2022-10-18T10:54:33","guid":{"rendered":"http:\/\/www.estelaser.com.tr\/?page_id=15"},"modified":"2025-12-23T10:25:52","modified_gmt":"2025-12-23T10:25:52","slug":"hakkimizda","status":"publish","type":"page","link":"https:\/\/estelaser.com.tr\/?page_id=15","title":{"rendered":"Hakk\u0131m\u0131zda"},"content":{"rendered":"<p><img loading=\"lazy\" decoding=\"async\" width=\"1100\" height=\"1100\" src=\"http:\/\/www.estelaser.com.tr\/wp-content\/uploads\/2025\/12\/pngwing.com-7.png\" alt=\"\" srcset=\"http:\/\/www.estelaser.com.tr\/wp-content\/uploads\/2025\/12\/pngwing.com-7.png 1100w, http:\/\/www.estelaser.com.tr\/wp-content\/uploads\/2025\/12\/pngwing.com-7-500x500.png 500w, http:\/\/www.estelaser.com.tr\/wp-content\/uploads\/2025\/12\/pngwing.com-7-300x300.png 300w, http:\/\/www.estelaser.com.tr\/wp-content\/uploads\/2025\/12\/pngwing.com-7-768x768.png 768w, http:\/\/www.estelaser.com.tr\/wp-content\/uploads\/2025\/12\/pngwing.com-7-150x150.png 150w, http:\/\/www.estelaser.com.tr\/wp-content\/uploads\/2025\/12\/pngwing.com-7-75x75.png 75w, http:\/\/www.estelaser.com.tr\/wp-content\/uploads\/2025\/12\/pngwing.com-7-480x480.png 480w\" sizes=\"auto, (max-width:767px) 480px, (max-width:1100px) 100vw, 1100px\" \/>\t\t\t\t\t\t\t\t\t\t\t\t\t\t\t\t<\/p>\n<h1>Biz Kimiz ?<\/h1>\n<h5>G\u00fczellik yolculu\u011fumuza 20 y\u0131l \u00f6nce, b\u00f6lgenin ilk ve en k\u00f6kl\u00fc g\u00fczellik salonlar\u0131ndan biri olarak ba\u015flad\u0131k. Kuruldu\u011fumuz g\u00fcnden bu yana, kad\u0131nlara ve erkeklere \u00f6zel hizmet anlay\u0131\u015f\u0131m\u0131z ve s\u00fcrekli geli\u015fen profesyonel yakla\u015f\u0131m\u0131m\u0131zla binlerce misafirimizin g\u00fcvenini kazand\u0131k.<\/h5>\n<p>\t\t\t\t\t\t\t\t\t\t<a href=\"#experience\"><br \/>\n\t\t\t\t<svg aria-hidden=\"true\" viewBox=\"0 0 320 512\" xmlns=\"http:\/\/www.w3.org\/2000\/svg\"><path d=\"M143 352.3L7 216.3c-9.4-9.4-9.4-24.6 0-33.9l22.6-22.6c9.4-9.4 24.6-9.4 33.9 0l96.4 96.4 96.4-96.4c9.4-9.4 24.6-9.4 33.9 0l22.6 22.6c9.4 9.4 9.4 24.6 0 33.9l-136 136c-9.2 9.4-24.4 9.4-33.8 0z\"><\/path><\/svg><br \/>\n\t\t\t\t\t\t\t\t\tDeneyimlerimiz<br \/>\n\t\t\t\t\t<\/a><\/p>\n<figure><img decoding=\"async\" src=\"http:\/\/www.estelaser.com.tr\/wp-content\/uploads\/2022\/10\/bedoctor-about-icon1.svg\" title=\"\" alt=\"\" loading=\"lazy\" \/><\/figure>\n<h5>Lazer Epilasyon<\/h5>\n<p>Kendin i\u00e7in bir an\u2026 G\u00fczelli\u011fini hat\u0131rla, \u0131\u015f\u0131\u011f\u0131n\u0131 hisset.<\/p>\n<figure><img decoding=\"async\" src=\"http:\/\/www.estelaser.com.tr\/wp-content\/uploads\/2022\/10\/bedoctor-about-icon2.svg\" title=\"\" alt=\"\" loading=\"lazy\" \/><\/figure>\n<h5>B\u00f6lgesel \u0130ncelme<\/h5>\n<p>Kad\u0131nlara \u00f6zel, ayr\u0131cal\u0131kl\u0131 g\u00fczellik deneyimi.<\/p>\n<figure><img decoding=\"async\" src=\"http:\/\/www.estelaser.com.tr\/wp-content\/uploads\/2022\/10\/bedoctor-about-icon3.svg\" title=\"\" alt=\"\" loading=\"lazy\" \/><\/figure>\n<h5>Cilt Bak\u0131m<\/h5>\n<p>G\u00fczellik seninle ba\u015flar. Biz sadece parlat\u0131r\u0131z.<\/p>\n<figure><img decoding=\"async\" src=\"http:\/\/www.estelaser.com.tr\/wp-content\/uploads\/2022\/10\/bedoctor-about-icon4.svg\" title=\"\" alt=\"\" loading=\"lazy\" \/><\/figure>\n<h5>Di\u011fer Hizmetler<\/h5>\n<p>Do\u011fall\u0131\u011f\u0131n\u0131 koruyan, sana yak\u0131\u015fan g\u00fczellik anlay\u0131\u015f\u0131.<\/p>\n<h3>Deneyimli ekibimiz, her kad\u0131n\u0131n kendine \u00f6zg\u00fc g\u00fczelli\u011fi oldu\u011funa inan\u0131r ve bu g\u00fczelli\u011fi en do\u011fal haliyle ortaya \u00e7\u0131karmay\u0131 hedefler. <\/h3>\n<ul>\n<li>\n\t\t\t\t\t\t\t<svg aria-hidden=\"true\" viewBox=\"0 0 512 512\" xmlns=\"http:\/\/www.w3.org\/2000\/svg\"><path d=\"M173.898 439.404l-166.4-166.4c-9.997-9.997-9.997-26.206 0-36.204l36.203-36.204c9.997-9.998 26.207-9.998 36.204 0L192 312.69 432.095 72.596c9.997-9.997 26.207-9.997 36.204 0l36.203 36.204c9.997 9.997 9.997 26.206 0 36.204l-294.4 294.401c-9.998 9.997-26.207 9.997-36.204-.001z\"><\/path><\/svg><br \/>\n\t\t\t\t\t\t\t\t\t\tUzman dokunu\u015flarla kendinizi yeniden ke\u015ffedin.\n\t\t\t\t\t\t\t\t\t<\/li>\n<li>\n\t\t\t\t\t\t\t<svg aria-hidden=\"true\" viewBox=\"0 0 512 512\" xmlns=\"http:\/\/www.w3.org\/2000\/svg\"><path d=\"M173.898 439.404l-166.4-166.4c-9.997-9.997-9.997-26.206 0-36.204l36.203-36.204c9.997-9.998 26.207-9.998 36.204 0L192 312.69 432.095 72.596c9.997-9.997 26.207-9.997 36.204 0l36.203 36.204c9.997 9.997 9.997 26.206 0 36.204l-294.4 294.401c-9.998 9.997-26.207 9.997-36.204-.001z\"><\/path><\/svg><br \/>\n\t\t\t\t\t\t\t\t\t\tKendin i\u00e7in ay\u0131rd\u0131\u011f\u0131n en \u00f6zel an.\n\t\t\t\t\t\t\t\t\t<\/li>\n<li>\n\t\t\t\t\t\t\t<svg aria-hidden=\"true\" viewBox=\"0 0 512 512\" xmlns=\"http:\/\/www.w3.org\/2000\/svg\"><path d=\"M173.898 439.404l-166.4-166.4c-9.997-9.997-9.997-26.206 0-36.204l36.203-36.204c9.997-9.998 26.207-9.998 36.204 0L192 312.69 432.095 72.596c9.997-9.997 26.207-9.997 36.204 0l36.203 36.204c9.997 9.997 9.997 26.206 0 36.204l-294.4 294.401c-9.998 9.997-26.207 9.997-36.204-.001z\"><\/path><\/svg><br \/>\n\t\t\t\t\t\t\t\t\t\tCildine, ruhuna ve stiline \u00f6zenle.\n\t\t\t\t\t\t\t\t\t<\/li>\n<\/ul>\n<ul>\n<li>\n\t\t\t\t\t\t\t<svg aria-hidden=\"true\" viewBox=\"0 0 512 512\" xmlns=\"http:\/\/www.w3.org\/2000\/svg\"><path d=\"M173.898 439.404l-166.4-166.4c-9.997-9.997-9.997-26.206 0-36.204l36.203-36.204c9.997-9.998 26.207-9.998 36.204 0L192 312.69 432.095 72.596c9.997-9.997 26.207-9.997 36.204 0l36.203 36.204c9.997 9.997 9.997 26.206 0 36.204l-294.4 294.401c-9.998 9.997-26.207 9.997-36.204-.001z\"><\/path><\/svg><br \/>\n\t\t\t\t\t\t\t\t\t\tSenin i\u00e7in \u00f6zel, senin kadar benzersiz.\n\t\t\t\t\t\t\t\t\t<\/li>\n<li>\n\t\t\t\t\t\t\t<svg aria-hidden=\"true\" viewBox=\"0 0 512 512\" xmlns=\"http:\/\/www.w3.org\/2000\/svg\"><path d=\"M173.898 439.404l-166.4-166.4c-9.997-9.997-9.997-26.206 0-36.204l36.203-36.204c9.997-9.998 26.207-9.998 36.204 0L192 312.69 432.095 72.596c9.997-9.997 26.207-9.997 36.204 0l36.203 36.204c9.997 9.997 9.997 26.206 0 36.204l-294.4 294.401c-9.998 9.997-26.207 9.997-36.204-.001z\"><\/path><\/svg><br \/>\n\t\t\t\t\t\t\t\t\t\tKad\u0131nlara \u00f6zel, ayr\u0131cal\u0131kl\u0131 g\u00fczellik deneyimi.\n\t\t\t\t\t\t\t\t\t<\/li>\n<\/ul>\n<p>\t\t\t\t\t\t\t\t\t\t\t\t<a href=\"http:\/\/www.estelaser.com.tr\/contact\/\"><br \/>\n\t\t\t\t\t\t\t\t\tileti\u015fim<br \/>\n\t\t\t\t\t<\/a><br \/>\n\t\t\t\t\t\t\t\t\t\t\t\t\t\t\t\t\t\t\t<img loading=\"lazy\" decoding=\"async\" width=\"647\" height=\"903\" src=\"http:\/\/www.estelaser.com.tr\/wp-content\/uploads\/2025\/12\/pngwing.com-3.png\" alt=\"\" srcset=\"http:\/\/www.estelaser.com.tr\/wp-content\/uploads\/2025\/12\/pngwing.com-3.png 647w, http:\/\/www.estelaser.com.tr\/wp-content\/uploads\/2025\/12\/pngwing.com-3-358x500.png 358w, http:\/\/www.estelaser.com.tr\/wp-content\/uploads\/2025\/12\/pngwing.com-3-215x300.png 215w, http:\/\/www.estelaser.com.tr\/wp-content\/uploads\/2025\/12\/pngwing.com-3-54x75.png 54w, http:\/\/www.estelaser.com.tr\/wp-content\/uploads\/2025\/12\/pngwing.com-3-480x670.png 480w\" sizes=\"auto, (max-width:767px) 480px, 647px\" \/>\t\t\t\t\t\t\t\t\t\t\t\t\t\t\t\t\t\t\t\t\t\t\t\t\t\t<img loading=\"lazy\" decoding=\"async\" width=\"1140\" height=\"1140\" src=\"http:\/\/www.estelaser.com.tr\/wp-content\/uploads\/2025\/12\/pngwing.com-2-1.png\" alt=\"\" srcset=\"http:\/\/www.estelaser.com.tr\/wp-content\/uploads\/2025\/12\/pngwing.com-2-1.png 1140w, http:\/\/www.estelaser.com.tr\/wp-content\/uploads\/2025\/12\/pngwing.com-2-1-500x500.png 500w, http:\/\/www.estelaser.com.tr\/wp-content\/uploads\/2025\/12\/pngwing.com-2-1-300x300.png 300w, http:\/\/www.estelaser.com.tr\/wp-content\/uploads\/2025\/12\/pngwing.com-2-1-768x768.png 768w, http:\/\/www.estelaser.com.tr\/wp-content\/uploads\/2025\/12\/pngwing.com-2-1-150x150.png 150w, http:\/\/www.estelaser.com.tr\/wp-content\/uploads\/2025\/12\/pngwing.com-2-1-75x75.png 75w, http:\/\/www.estelaser.com.tr\/wp-content\/uploads\/2025\/12\/pngwing.com-2-1-480x480.png 480w\" sizes=\"auto, (max-width:767px) 480px, (max-width:1140px) 100vw, 1140px\" \/>\t\t\t\t\t\t\t\t\t\t\t\t\t\t\t\t\t\t\t\t\t\t\t\t\t\t<img decoding=\"async\" src=\"http:\/\/www.estelaser.com.tr\/wp-content\/uploads\/2022\/10\/bedoctor-icon1.svg\" title=\"\" alt=\"\" loading=\"lazy\" \/>\t\t\t\t\t\t\t\t\t\t\t\t\t\t\t\t<\/p>\n<h4>20 y\u0131ll\u0131k tecr\u00fcbemiz boyunca de\u011fi\u015fmeyen tek \u015fey, misafir memnuniyetini her zaman \u00f6n planda tutmam\u0131z oldu. Bug\u00fcn de ayn\u0131 \u00f6zen ve heyecanla, kendinizi \u00f6zel hissedece\u011finiz bir g\u00fczellik deneyimi sunmaya devam ediyoruz<\/h4>\n<p>\t\t\t\tEsteLaser G\u00fczellik<br \/>\n\t\t\t\t\t\t\t\t\t\t\t\t\t\t\t\t\t<img loading=\"lazy\" decoding=\"async\" width=\"500\" height=\"575\" src=\"http:\/\/www.estelaser.com.tr\/wp-content\/uploads\/2025\/12\/pngwing.com-5.png\" alt=\"\" srcset=\"http:\/\/www.estelaser.com.tr\/wp-content\/uploads\/2025\/12\/pngwing.com-5.png 500w, http:\/\/www.estelaser.com.tr\/wp-content\/uploads\/2025\/12\/pngwing.com-5-435x500.png 435w, http:\/\/www.estelaser.com.tr\/wp-content\/uploads\/2025\/12\/pngwing.com-5-261x300.png 261w, http:\/\/www.estelaser.com.tr\/wp-content\/uploads\/2025\/12\/pngwing.com-5-65x75.png 65w, http:\/\/www.estelaser.com.tr\/wp-content\/uploads\/2025\/12\/pngwing.com-5-480x552.png 480w\" sizes=\"auto, (max-width:767px) 480px, 500px\" \/>\t\t\t\t\t\t\t\t\t\t\t\t\t\t\t\t<\/p>\n<figure><img decoding=\"async\" src=\"http:\/\/www.estelaser.com.tr\/wp-content\/uploads\/2022\/10\/bedoctor-icon-pin_el.svg\" title=\"\" alt=\"\" loading=\"lazy\" \/><\/figure>\n<h3>Merkezimizi Ziyaret Edin..<\/h3>\n<h5>Atat\u00fcrk Caddesi, \u00c7anc\u0131 \u0130\u015f Han\u0131, No 27 Kat 2 Gebze\/Kocaeli <\/h5>\n<p>\t\t\t\t\t\t\t\t\t\t<a href=\"http:\/\/www.estelaser.com.tr\/contact\/\"><br \/>\n\t\t\t\t\t\t\t\t\t\u0130leti\u015fim<br \/>\n\t\t\t\t\t<\/a><br \/>\n\t\t\t\t\t\t\t\t\t\t\t\t\t\t\t\t\t\t\t<img decoding=\"async\" src=\"http:\/\/www.estelaser.com.tr\/wp-content\/uploads\/2022\/10\/bedoctor-icon4.svg\" title=\"\" alt=\"\" loading=\"lazy\" \/>\t\t\t\t\t\t\t\t\t\t\t\t\t\t\t\t<\/p>\n<h3><font color=\"#ffe8da\">\u015eimdiden Yerinizi Ay\u0131rt\u0131n..<\/font><\/h3>\n<p>\t\t\t\t\t\t\t\t\t\t<a href=\"http:\/\/www.estelaser.com.tr\/contact\/\"><br \/>\n\t\t\t\t\t\t\t\t\tBize Ula\u015f\u0131n<br \/>\n\t\t\t\t\t<\/a><\/p>\n","protected":false},"excerpt":{"rendered":"<p>Biz Kimiz ? G\u00fczellik yolculu\u011fumuza 20 y\u0131l \u00f6nce, b\u00f6lgenin ilk ve en k\u00f6kl\u00fc g\u00fczellik salonlar\u0131ndan biri olarak ba\u015flad\u0131k. Kuruldu\u011fumuz g\u00fcnden bu yana, kad\u0131nlara ve erkeklere \u00f6zel<span class=\"excerpt-hellip\"> [\u2026]<\/span><\/p>\n","protected":false},"author":1,"featured_media":0,"parent":0,"menu_order":0,"comment_status":"open","ping_status":"closed","template":"","meta":{"footnotes":""},"class_list":["post-15","page","type-page","status-publish","hentry"],"_links":{"self":[{"href":"https:\/\/estelaser.com.tr\/index.php?rest_route=\/wp\/v2\/pages\/15","targetHints":{"allow":["GET"]}}],"collection":[{"href":"https:\/\/estelaser.com.tr\/index.php?rest_route=\/wp\/v2\/pages"}],"about":[{"href":"https:\/\/estelaser.com.tr\/index.php?rest_route=\/wp\/v2\/types\/page"}],"author":[{"embeddable":true,"href":"https:\/\/estelaser.com.tr\/index.php?rest_route=\/wp\/v2\/users\/1"}],"replies":[{"embeddable":true,"href":"https:\/\/estelaser.com.tr\/index.php?rest_route=%2Fwp%2Fv2%2Fcomments&post=15"}],"version-history":[{"count":28,"href":"https:\/\/estelaser.com.tr\/index.php?rest_route=\/wp\/v2\/pages\/15\/revisions"}],"predecessor-version":[{"id":478,"href":"https:\/\/estelaser.com.tr\/index.php?rest_route=\/wp\/v2\/pages\/15\/revisions\/478"}],"wp:attachment":[{"href":"https:\/\/estelaser.com.tr\/index.php?rest_route=%2Fwp%2Fv2%2Fmedia&parent=15"}],"curies":[{"name":"wp","href":"https:\/\/api.w.org\/{rel}","templated":true}]}}